{"id":244,"date":"2021-09-29T19:40:01","date_gmt":"2021-09-29T19:40:01","guid":{"rendered":"https:\/\/gr3solution.com\/politique-de-protection-des-donnees-2\/"},"modified":"2021-09-29T19:40:04","modified_gmt":"2021-09-29T19:40:04","slug":"politique-de-protection-des-donnees-2","status":"publish","type":"page","link":"https:\/\/gr3solution.com\/fr\/politique-de-protection-des-donnees-2\/","title":{"rendered":"Politique de protection des donn\u00e9es"},"content":{"rendered":"<p>[et_pb_section fb_built=\u00a0\u00bb1&Prime; _builder_version=\u00a0\u00bb4.9.4&Prime; _module_preset=\u00a0\u00bbdefault\u00a0\u00bb][et_pb_row _builder_version=\u00a0\u00bb4.9.4&Prime; _module_preset=\u00a0\u00bbdefault\u00a0\u00bb][et_pb_column _builder_version=\u00a0\u00bb4.9.4&Prime; _module_preset=\u00a0\u00bbdefault\u00a0\u00bb type=\u00a0\u00bb4_4&Prime;][et_pb_text _builder_version=\u00a0\u00bb4.9.4&Prime; _module_preset=\u00a0\u00bbdefault\u00a0\u00bb hover_enabled=\u00a0\u00bb0&Prime; sticky_enabled=\u00a0\u00bb0&Prime;]<\/p>\n<p><strong>Politique de protection des donn\u00e9es<\/strong><\/p>\n<p>Chez GR3 Solution, nous sommes fiers d&rsquo;offrir des produits de haute qualit\u00e9 et un excellent service client. Nous avons l&rsquo;intention de nous assurer qu&rsquo;il en va de m\u00eame en ligne et nous nous effor\u00e7ons naturellement de prot\u00e9ger votre vie priv\u00e9e. En r\u00e8gle g\u00e9n\u00e9rale, vous pouvez utiliser notre site Web sans avoir \u00e0 vous inscrire.<\/p>\n<p>Champ d&rsquo;application<br \/>Dans cette politique de protection des donn\u00e9es, les utilisateurs trouveront des informations sur la mani\u00e8re, la port\u00e9e et le but de la collecte et de l&rsquo;utilisation de leurs donn\u00e9es collect\u00e9es et utilis\u00e9es par le fournisseur en charge.<\/p>\n<p>Le cadre juridique de la protection des donn\u00e9es est fourni par la loi f\u00e9d\u00e9rale sur la protection des donn\u00e9es (LPD) et la loi f\u00e9d\u00e9rale sur la concurrence d\u00e9loyale (LCU).<\/p>\n<p>Collecte d&rsquo;informations g\u00e9n\u00e9rales<br \/>Chaque fois que vous acc\u00e9dez \u00e0 ce site Web, nous et\/ou le fournisseur de l&rsquo;espace Web collectons automatiquement des informations. Ces informations, \u00e9galement appel\u00e9es fichiers journaux du serveur, sont de nature g\u00e9n\u00e9rale et ne peuvent pas \u00eatre utilis\u00e9es pour vous identifier personnellement.<\/p>\n<p>Les informations collect\u00e9es comprennent : le nom du site Web, le fichier, la date, le volume de donn\u00e9es, le navigateur Web et la version du navigateur Web, le syst\u00e8me d&rsquo;exploitation, le nom de domaine de votre fournisseur d&rsquo;acc\u00e8s Internet, l&rsquo;URL de r\u00e9f\u00e9rence (la page \u00e0 partir de laquelle vous avez acc\u00e9d\u00e9 \u00e0 notre site Web ) et l&rsquo;adresse IP.<\/p>\n<p>Sans ces donn\u00e9es, nous n&rsquo;aurions pas les moyens techniques n\u00e9cessaires pour fournir et afficher certains contenus de ce site. C&rsquo;est pourquoi nous devons collecter vos donn\u00e9es. En dehors de cela, nous utilisons les informations anonymes \u00e0 des fins statistiques. Vous nous aidez \u00e0 optimiser notre site Internet et les moyens techniques que nous utilisons. En outre, nous nous r\u00e9servons le droit de v\u00e9rifier ult\u00e9rieurement les fichiers journaux si nous soup\u00e7onnons que notre site Web est utilis\u00e9 de mani\u00e8re ill\u00e9gale.<\/p>\n<p>Fonction de commentaire<br \/>Lorsque des commentaires ou d&rsquo;autres contributions sont faits\/publi\u00e9s sur notre site Web, nous enregistrons l&rsquo;adresse IP, le nom d&rsquo;utilisateur et l&rsquo;heure de publication. Ces donn\u00e9es sont collect\u00e9es \u00e0 des fins de s\u00e9curit\u00e9, car le prestataire peut \u00eatre poursuivi pour des contenus ill\u00e9gaux (propagande interdite, insultes etc.), m\u00eame s&rsquo;ils sont r\u00e9alis\u00e9s par des tiers. Dans de tels cas, les informations sont utilis\u00e9es pour d\u00e9terminer l&rsquo;identit\u00e9 de l&rsquo;auteur.<\/p>\n<p>S&rsquo;abonner aux commentaires<br \/>Si des personnes utilisant ce site Web s&rsquo;abonnent \u00e0 de futurs commentaires, elles recevront un e-mail de confirmation. Cet e-mail sert \u00e0 s&rsquo;assurer que l&rsquo;utilisateur est bien le propri\u00e9taire de l&rsquo;adresse e-mail indiqu\u00e9e.<\/p>\n<p>Formulaire de contact<br \/>Si vous nous contactez via le formulaire en ligne ou par e-mail, nous enregistrons les donn\u00e9es que vous avez fournies afin de pouvoir r\u00e9pondre \u00e0 votre demande et de pouvoir poser d&rsquo;\u00e9ventuelles questions de suivi.<\/p>\n<p>Int\u00e9gration de services et contenus tiers<br \/>Notre site Web propose des contenus et des services d&rsquo;autres fournisseurs. Cela inclut par ex. les cartes fournies par Google Maps, les vid\u00e9os YouTube, ainsi que les graphiques et images d&rsquo;autres sites Web. Afin de garantir que ces donn\u00e9es soient accessibles et affich\u00e9es dans le navigateur de l&rsquo;utilisateur, nous avons besoin de son adresse IP. Par cons\u00e9quent, les fournisseurs (ci-apr\u00e8s d\u00e9nomm\u00e9s \u00ab fournisseurs tiers \u00bb) collectent l&rsquo;adresse IP de l&rsquo;utilisateur respectif.<\/p>\n<p>M\u00eame si nous nous effor\u00e7ons de n&rsquo;utiliser que des fournisseurs tiers qui ont besoin de votre adresse IP uniquement dans le but de fournir du contenu, nous n&rsquo;avons aucune influence sur le fait que votre adresse IP reste potentiellement stock\u00e9e. Dans ce cas, le proc\u00e9d\u00e9 est utilis\u00e9, entre autres, \u00e0 des fins statistiques. Si nous apprenons que votre adresse IP est enregistr\u00e9e, nous attirerons votre attention sur celle-ci.<\/p>\n<p>&nbsp;<\/p>\n<p>Utilisation de Google Analytics<br \/>Ce site Web utilise Google Analytics, un service d&rsquo;analyse Web fourni par Google Inc. (\u00ab Google \u00bb). Google Analytics utilise des \u00ab cookies \u00bb. Il s&rsquo;agit de fichiers texte qui sont enregistr\u00e9s sur votre ordinateur et permettent d&rsquo;analyser votre utilisation de notre site Internet. Les informations sur votre utilisation de ce site Web g\u00e9n\u00e9r\u00e9es par le cookie sont normalement transf\u00e9r\u00e9es \u00e0 un serveur de Google aux \u00c9tats-Unis et y sont enregistr\u00e9es. Cependant, en raison de l&rsquo;anonymisation IP activ\u00e9e sur ces sites Web, Google raccourcira votre adresse IP avant qu&rsquo;elle ne soit transf\u00e9r\u00e9e entre les \u00c9tats membres de l&rsquo;Union europ\u00e9enne ou vers d&rsquo;autres \u00c9tats membres de l&rsquo;Espace \u00e9conomique europ\u00e9en. Ce n&rsquo;est que dans des cas exceptionnels que votre adresse IP compl\u00e8te sera transf\u00e9r\u00e9e vers un serveur de Google aux \u00c9tats-Unis et y sera raccourcie.<\/p>\n<p>Google utilisera ces informations au nom du propri\u00e9taire de ce site Web afin d&rsquo;analyser votre utilisation du site Web, de cr\u00e9er des rapports sur les activit\u00e9s du site Web et de fournir au propri\u00e9taire du site Web d&rsquo;autres services li\u00e9s \u00e0 votre utilisation de ce site Web et d&rsquo;Internet. Google ne m\u00e9langera pas l&rsquo;adresse IP transf\u00e9r\u00e9e par votre navigateur \u00e0 des fins de Google Analytics avec d&rsquo;autres donn\u00e9es. Vous pouvez emp\u00eacher l&rsquo;enregistrement des cookies en effectuant certains ajustements dans votre logiciel de navigation. Cependant, nous attirons votre attention sur le fait que, dans ce cas, vous ne pourrez peut-\u00eatre pas utiliser pleinement toutes les fonctions de ce site Web.<\/p>\n<p>En outre, vous pouvez emp\u00eacher que les donn\u00e9es g\u00e9n\u00e9r\u00e9es par le cookie et se r\u00e9f\u00e9rant \u00e0 votre utilisation du site Web (y compris votre adresse IP) soient envoy\u00e9es \u00e0 Google et soient trait\u00e9es par Google en t\u00e9l\u00e9chargeant et en installant le plug-in de navigateur sous le lien suivant : Module compl\u00e9mentaire de navigateur pour la d\u00e9sactivation de Google Analytics. De plus amples informations sur les conditions d&rsquo;utilisation et la protection des donn\u00e9es sont disponibles sur http:\/\/www.google.com\/analytics\/terms\/gb.html ou https:\/\/policies.google.com \/?hl=fr<\/p>\n<p>Google AdWords<br \/>Ce site Web utilise le programme de publicit\u00e9 en ligne \u00ab Google AdWords \u00bb et, par cons\u00e9quent, le suivi des conversions. Cela signifie que Google AdWords placera un cookie sur votre ordinateur si vous avez atterri sur notre site Web apr\u00e8s avoir cliqu\u00e9 sur une annonce Google. Ces cookies expirent apr\u00e8s 30 jours et ne sont pas utilis\u00e9s pour identifier des personnes sp\u00e9cifiques. Si l&rsquo;utilisateur visite des pages sp\u00e9cifiques de notre site Web et si le cookie n&rsquo;a pas encore expir\u00e9, nous et Google pouvons voir que l&rsquo;utilisateur a cliqu\u00e9 sur l&rsquo;annonce et a \u00e9t\u00e9 redirig\u00e9 vers cette page. Chaque client Google AdWords re\u00e7oit un cookie diff\u00e9rent. Par cons\u00e9quent, les cookies ne peuvent pas \u00eatre trac\u00e9s via les sites Web des clients AdWords.<\/p>\n<p>&nbsp;<\/p>\n<p>Les informations collect\u00e9es \u00e0 l&rsquo;aide du cookie de conversion sont utilis\u00e9es pour cr\u00e9er des statistiques de conversion pour les clients AdWords qui ont d\u00e9cid\u00e9 d&rsquo;utiliser le suivi des conversions. Les clients conna\u00eetront le nombre total de visiteurs qui ont cliqu\u00e9 sur leur annonce et ont \u00e9t\u00e9 redirig\u00e9s vers une page avec une balise de suivi de conversion int\u00e9gr\u00e9e. Cependant, ils ne recevront pas d&rsquo;informations permettant d&rsquo;identifier personnellement l&rsquo;utilisateur.<\/p>\n<p>Si vous ne souhaitez pas participer au processus de suivi, vous pouvez facilement d\u00e9sactiver le cookie de suivi des conversions Google via votre navigateur Web dans la zone des param\u00e8tres utilisateur. Apr\u00e8s cela, vous ne serez pas inclus dans les statistiques de conversion. Vous pouvez trouver plus d&rsquo;informations dans la politique de confidentialit\u00e9 de Google \u00e0 l&rsquo;adresse : https:\/\/policies.google.com\/privacy<\/p>\n<p>\u00c9conomie des donn\u00e9es<br \/>Conform\u00e9ment aux principes d&rsquo;\u00e9vitement et d&rsquo;\u00e9conomie des donn\u00e9es, nous ne conservons les donn\u00e9es personnelles que le temps n\u00e9cessaire ou aussi longtemps que nous y sommes l\u00e9galement tenus (dur\u00e9e de conservation l\u00e9gale). Si la raison de la collecte des informations n&rsquo;est plus indiqu\u00e9e ou si la p\u00e9riode de stockage est termin\u00e9e, nous verrouillerons ou supprimerons les donn\u00e9es.<\/p>\n<p>Votre droit de recevoir des informations, de faire corriger, verrouiller ou supprimer vos donn\u00e9es et de soulever une objection<br \/>Vous avez le droit de demander, sur demande et gratuitement, des informations concernant vos donn\u00e9es personnelles enregistr\u00e9es par nos soins et\/ou de faire rectifier, verrouiller ou supprimer vos donn\u00e9es. Exceptions : le stockage l\u00e9gal des donn\u00e9es \u00e0 des fins commerciales ou si les donn\u00e9es sont soumises aux exigences l\u00e9gales de stockage.<\/p>\n<p>\u00c0 cet \u00e9gard, veuillez contacter notre d\u00e9l\u00e9gu\u00e9 \u00e0 la protection des donn\u00e9es (vous trouverez les coordonn\u00e9es au d\u00e9but de la Politique de protection des donn\u00e9es).<\/p>\n<p>Afin de pouvoir envisager le verrouillage des donn\u00e9es \u00e0 tout moment, il est n\u00e9cessaire de conserver les donn\u00e9es \u00e0 des fins de contr\u00f4le dans un fichier de verrouillage. S&rsquo;il n&rsquo;y a pas d&rsquo;obligation l\u00e9gale de stocker des donn\u00e9es, vous pouvez \u00e9galement nous demander de supprimer vos donn\u00e9es. Sinon, nous verrouillerons les donn\u00e9es si vous le souhaitez.<\/p>\n<p>&nbsp;<\/p>\n<p>Modifications de notre politique de protection des donn\u00e9es<br \/>Afin de garantir que notre politique de protection des donn\u00e9es soit toujours conforme aux r\u00e9glementations l\u00e9gales en vigueur, nous nous r\u00e9servons le droit d&rsquo;y apporter des modifications \u00e0 tout moment. Cela s&rsquo;applique \u00e9galement si la politique de protection des donn\u00e9es doit \u00eatre adapt\u00e9e en raison d&rsquo;offres nouvelles ou r\u00e9vis\u00e9es, par ex. de nouveaux services. La nouvelle politique de protection des donn\u00e9es s&rsquo;appliquera lors de votre prochaine visite sur notre site Web.<\/p>\n<p>Biscuits<br \/>Ce site Web utilise des cookies. Ce sont des fichiers texte enregistr\u00e9s sur votre ordinateur \u00e0 partir du serveur. Ils contiennent des informations sur votre navigateur, votre adresse IP, votre syst\u00e8me d&rsquo;exploitation et votre connexion Internet. Nous ne transmettons pas ces donn\u00e9es \u00e0 des tiers et ne les lions pas \u00e0 des donn\u00e9es personnelles sans votre consentement.<\/p>\n<p>Les cookies ont deux fonctions principales. Ils nous aident \u00e0 vous faciliter la navigation sur notre site Web et nous permettent de nous assurer que notre site Web s&rsquo;affiche correctement. Ils ne sont pas utilis\u00e9s pour placer des virus ou pour lancer des programmes.<\/p>\n<p>Vous pouvez \u00e9galement consulter notre site Web sans cookies. Pour ce faire, vous devez modifier les param\u00e8tres pertinents dans le navigateur. Veuillez consulter la fonction d&rsquo;aide de votre navigateur pour savoir comment d\u00e9sactiver les cookies. Cependant, nous tenons \u00e0 souligner que cela peut affecter certaines fonctionnalit\u00e9s du site Web et restreindre sa convivialit\u00e9. Les sites http:\/\/www.aboutads.info\/choices\/ (USA) et http:\/\/www.youronlinechoices.com\/uk\/your-ad-choices\/ (Europe) vous aident \u00e0 g\u00e9rer les cookies d&rsquo;affichage en ligne.<\/p>\n<p>Cette politique relative aux cookies explique ce que sont les cookies et comment nous les utilisons. Vous devez lire cette politique pour comprendre ce que sont les cookies, comment nous les utilisons, les types de cookies que nous utilisons, c&rsquo;est-\u00e0-dire les informations que nous collectons \u00e0 l&rsquo;aide des cookies et comment ces informations sont utilis\u00e9es et comment contr\u00f4ler les pr\u00e9f\u00e9rences en mati\u00e8re de cookies. Pour plus d&rsquo;informations sur la fa\u00e7on dont nous utilisons, stockons et prot\u00e9geons vos donn\u00e9es personnelles, consultez notre politique de confidentialit\u00e9. Vous pouvez \u00e0 tout moment modifier ou retirer votre consentement de la d\u00e9claration relative aux cookies sur notre site Web. nous et comment nous traitons les donn\u00e9es personnelles dans notre politique de confidentialit\u00e9. Votre consentement s&rsquo;applique aux domaines suivants : gr3solution.com<\/p>\n<div class=\"wt-cli-element cli_user_consent_state\"><\/div>\n<p>Que sont les cookies ?<br \/>Les cookies sont de petits fichiers texte qui sont utilis\u00e9s pour stocker de petites informations. Les cookies sont stock\u00e9s sur votre terminal lors du chargement du site Internet sur votre navigateur. Ces cookies nous aident \u00e0 faire fonctionner correctement le site Web, \u00e0 rendre le site Web plus s\u00e9curis\u00e9, \u00e0 offrir une meilleure exp\u00e9rience utilisateur, \u00e0 comprendre comment le site Web fonctionne et \u00e0 analyser ce qui fonctionne et o\u00f9 il doit \u00eatre am\u00e9lior\u00e9.<\/p>\n<p>Comment utilisons-nous les cookies ?<\/p>\n<p>Comme la plupart des services en ligne, notre site Web utilise des cookies internes et des cookies tiers \u00e0 plusieurs fins. Les cookies internes sont principalement n\u00e9cessaires au bon fonctionnement du site Web et ils ne collectent aucune de vos donn\u00e9es personnellement identifiables.<\/p>\n<p>Les cookies tiers utilis\u00e9s sur nos sites Web sont principalement utilis\u00e9s pour comprendre le fonctionnement du site Web, la fa\u00e7on dont vous interagissez avec notre site Web, la s\u00e9curit\u00e9 de nos services, la fourniture de publicit\u00e9s pertinentes pour vous et, dans l&rsquo;ensemble, une meilleure exp\u00e9rience utilisateur et aider \u00e0 acc\u00e9l\u00e9rer vos futures interactions avec notre site Web.<br \/>Quels types de cookies utilisons-nous ?<br \/>Les cookies utilis\u00e9s sur notre site Web sont regroup\u00e9s dans les cat\u00e9gories suivantes.<\/p>\n<p>&nbsp;<\/p>\n<p><div class=\"wt-cli-element cli_cookie_category_single\"><\/div><br \/>La liste ci-dessous d\u00e9taille les cookies utilis\u00e9s sur notre site Web.<br \/><table class=\"wt-cli-element cookielawinfo-classic cookielawinfo-row-cat-table\"><thead><tr><\/thead><tbody><tr class=\"cookielawinfo-row\"><td colspan=\"2\" class=\"cookielawinfo-column-empty\"><\/td><\/tr><\/tbody><\/table><\/p>\n<p>Comment puis-je contr\u00f4ler les pr\u00e9f\u00e9rences en mati\u00e8re de cookies ?<\/p>\n<p>Vous pouvez g\u00e9rer vos pr\u00e9f\u00e9rences en mati\u00e8re de cookies en cliquant sur le bouton \u00ab Param\u00e8tres \u00bb et en activant ou en d\u00e9sactivant les cat\u00e9gories de cookies sur la popup selon vos pr\u00e9f\u00e9rences.<\/p>\n<p>Si vous d\u00e9cidez de modifier vos pr\u00e9f\u00e9rences ult\u00e9rieurement au cours de votre session de navigation, vous pouvez cliquer sur l&rsquo;onglet \u00ab Politique de confidentialit\u00e9 et de cookies \u00bb sur votre \u00e9cran. Cela affichera \u00e0 nouveau l&rsquo;avis de consentement vous permettant de modifier vos pr\u00e9f\u00e9rences ou de retirer compl\u00e8tement votre consentement.<\/p>\n<p>En plus de cela, diff\u00e9rents navigateurs proposent diff\u00e9rentes m\u00e9thodes pour bloquer et supprimer les cookies utilis\u00e9s par les sites Web. Vous pouvez modifier les param\u00e8tres de votre navigateur pour bloquer\/supprimer les cookies. Pour en savoir plus sur la gestion et la suppression des cookies, visitez wikipedia.org, www.allaboutcookies.org.<\/p>\n<p>[\/et_pb_text][\/et_pb_column][\/et_pb_row][\/et_pb_section]<\/p>\n","protected":false},"excerpt":{"rendered":"<p>Politique de protection des donn\u00e9es Chez GR3 Solution, nous sommes fiers d&rsquo;offrir des produits de haute qualit\u00e9 et un excellent service client. Nous avons l&rsquo;intention de nous assurer qu&rsquo;il en va de m\u00eame en ligne et nous nous effor\u00e7ons naturellement de prot\u00e9ger votre vie priv\u00e9e. En r\u00e8gle g\u00e9n\u00e9rale, vous pouvez utiliser notre site Web sans [&hellip;]<\/p>\n","protected":false},"author":1,"featured_media":0,"parent":0,"menu_order":0,"comment_status":"closed","ping_status":"closed","template":"","meta":{"_et_pb_use_builder":"on","_et_pb_old_content":"","_et_gb_content_width":"","footnotes":""},"class_list":["post-244","page","type-page","status-publish","hentry"],"_links":{"self":[{"href":"https:\/\/gr3solution.com\/fr\/wp-json\/wp\/v2\/pages\/244","targetHints":{"allow":["GET"]}}],"collection":[{"href":"https:\/\/gr3solution.com\/fr\/wp-json\/wp\/v2\/pages"}],"about":[{"href":"https:\/\/gr3solution.com\/fr\/wp-json\/wp\/v2\/types\/page"}],"author":[{"embeddable":true,"href":"https:\/\/gr3solution.com\/fr\/wp-json\/wp\/v2\/users\/1"}],"replies":[{"embeddable":true,"href":"https:\/\/gr3solution.com\/fr\/wp-json\/wp\/v2\/comments?post=244"}],"version-history":[{"count":0,"href":"https:\/\/gr3solution.com\/fr\/wp-json\/wp\/v2\/pages\/244\/revisions"}],"wp:attachment":[{"href":"https:\/\/gr3solution.com\/fr\/wp-json\/wp\/v2\/media?parent=244"}],"curies":[{"name":"wp","href":"https:\/\/api.w.org\/{rel}","templated":true}]}}