{"id":247,"date":"2021-09-29T19:46:14","date_gmt":"2021-09-29T19:46:14","guid":{"rendered":"https:\/\/gr3solution.com\/datenschutzrichtlinie-2\/"},"modified":"2021-09-29T19:46:15","modified_gmt":"2021-09-29T19:46:15","slug":"datenschutzrichtlinie-2","status":"publish","type":"page","link":"https:\/\/gr3solution.com\/de\/datenschutzrichtlinie-2\/","title":{"rendered":"Datenschutzrichtlinie"},"content":{"rendered":"<p>[et_pb_section fb_built=&#8220;1&#8243; _builder_version=&#8220;4.9.4&#8243; _module_preset=&#8220;default&#8220;][et_pb_row _builder_version=&#8220;4.9.4&#8243; _module_preset=&#8220;default&#8220;][et_pb_column _builder_version=&#8220;4.9.4&#8243; _module_preset=&#8220;default&#8220; type=&#8220;4_4&#8243;][et_pb_text _builder_version=&#8220;4.9.4&#8243; _module_preset=&#8220;default&#8220; hover_enabled=&#8220;0&#8243; sticky_enabled=&#8220;0&#8243;]<\/p>\n<p><strong>Datenschutzrichtlinie<\/strong><br \/>Wir bei GR3 Solution sind stolz darauf, qualitativ hochwertige Produkte und exzellenten Kundenservice anzubieten. Dies m\u00f6chten wir auch online sicherstellen und sind selbstverst\u00e4ndlich bem\u00fcht, Ihre Privatsph\u00e4re zu sch\u00fctzen. Grunds\u00e4tzlich k\u00f6nnen Sie unsere Website nutzen, ohne sich registrieren zu m\u00fcssen.<\/p>\n<p>Geltungsbereich<br \/>In dieser Datenschutzerkl\u00e4rung finden Nutzer Informationen \u00fcber die Art, den Umfang und den Zweck der Erhebung und Verwendung ihrer Daten, die von den zust\u00e4ndigen Anbietern erhoben und verwendet werden.<\/p >\n<p>Die rechtlichen Rahmenbedingungen f\u00fcr den Datenschutz bilden das Bundesgesetz \u00fcber den Datenschutz (DSG) und das Bundesgesetz \u00fcber den unlauteren Wettbewerb (UWG).<\/p>\n<p>Erfassung allgemeiner Informationen<br \/>Bei jedem Zugriff auf diese Website erheben wir bzw. der Webspace-Provider automatisch Informationen. Diese Informationen, auch Server-Logfiles genannt, sind allgemeiner Natur und k\u00f6nnen nicht dazu verwendet werden, Sie pers\u00f6nlich zu identifizieren.<\/p>\n<p>Zu den erhobenen Informationen geh\u00f6ren: Name der Website, Datei, Datum, Datenmenge, Webbrowser und Webbrowserversion, Betriebssystem, der Domainname Ihres Internetproviders, die sogenannte Referrer-URL (die Seite, von der aus Sie auf unsere Website zugegriffen hat) und die IP-Adresse.<\/p>\n<p>Ohne diese Daten h\u00e4tten wir nicht die notwendigen technischen Mittel, um einige Inhalte dieser Website bereitzustellen und anzuzeigen. Aus diesem Grund m\u00fcssen wir Ihre Daten erheben. Dar\u00fcber hinaus verwenden wir die anonymisierten Informationen zu statistischen Zwecken. Sie helfen uns, unsere Website und die von uns eingesetzten technischen Mittel zu optimieren. Dar\u00fcber hinaus behalten wir uns vor, die Logfiles nachtr\u00e4glich zu \u00fcberpr\u00fcfen, wenn wir den Verdacht haben, dass unsere Website rechtswidrig genutzt wird.<\/p>\n<p>Kommentarfunktion<br \/>Wenn Kommentare oder sonstige Beitr\u00e4ge auf unserer Website abgegeben\/ver\u00f6ffentlicht werden, speichern wir die IP-Adresse, den Benutzernamen und den Zeitpunkt der Ver\u00f6ffentlichung. Diese Daten werden aus Sicherheitsgr\u00fcnden erhoben, da der Anbieter f\u00fcr rechtswidrige Inhalte (verbotene Propaganda, Beleidigungen etc.) belangt werden kann, auch wenn diese von Dritten stammen. In solchen F\u00e4llen werden die Informationen verwendet, um die Identit\u00e4t des Autors zu ermitteln.<\/p>\n<p>Kommentare abonnieren<br \/>Wenn Personen, die diese Website nutzen, zuk\u00fcnftige Kommentare abonnieren, erhalten sie eine Best\u00e4tigungs-E-Mail. Diese E-Mail soll sicherstellen, dass der Nutzer wirklich der Inhaber der angegebenen E-Mail-Adresse ist.<\/p>\n<p>Kontaktformular<br \/>Wenn Sie uns per Online-Formular oder per E-Mail kontaktieren, speichern wir die von Ihnen mitgeteilten Daten, um Ihre Anfrage beantworten und m\u00f6gliche Anschlussfragen stellen zu k\u00f6nnen Fragen.<\/p>\n<p>Einbindung von Diensten und Inhalten Dritter<br \/>Auf unserer Website werden Inhalte und Dienste anderer Anbieter angeboten. Dazu geh\u00f6ren z.B. das von Google Maps bereitgestellte Kartenmaterial, Videos von YouTube sowie Grafiken und Bilder von anderen Websites. Damit diese Daten im Browser des Nutzers abgerufen und angezeigt werden k\u00f6nnen, ben\u00f6tigen wir dessen IP-Adresse. Daher erheben Anbieter (nachfolgend bezeichnet als \u201eDritt-Anbieter\u201c) die IP-Adresse des jeweiligen Nutzers.<\/p>\n<p>Auch wenn wir uns bem\u00fchen, nur Drittanbieter einzusetzen, die Ihre IP-Adresse lediglich zur Bereitstellung der Inhalte ben\u00f6tigen, haben wir keinen Einfluss darauf, ob Ihre IP-Adresse m\u00f6glicherweise gespeichert bleibt. In diesem Fall dient das Verfahren unter anderem statistischen Zwecken. Sollten wir Kenntnis davon haben, dass Ihre IP-Adresse gespeichert wird, weisen wir Sie darauf hin.<\/p>\n<p>Einsatz von Google Analytics<br \/>Diese Website benutzt Google Analytics, einen Webanalysedienst der Google Inc. (&#8222;Google&#8220;). Google Analytics verwendet sogenannte \u201eCookies\u201c. Das sind Textdateien, die auf Ihrem Computer gespeichert werden und die eine Analyse der Benutzung unserer Website durch Sie erm\u00f6glichen. Die durch den Cookie erzeugten Informationen \u00fcber Ihre Benutzung dieser Website werden in der Regel an einen Server von Google in den USA \u00fcbertragen und dort gespeichert. Aufgrund der aktivierten IP-Anonymisierung auf diesen Webseiten, wird Ihre IP-Adresse von Google jedoch innerhalb von Mitgliedstaaten der Europ\u00e4ischen Union oder in anderen Mitgliedstaaten des Europ\u00e4ischen Wirtschaftsraums zuvor gek\u00fcrzt. Nur in Ausnahmef\u00e4llen wird die volle IP-Adresse an einen Server von Google in den USA \u00fcbertragen und dort gek\u00fcrzt.<\/p>\n<p>Im Auftrag des Betreibers dieser Website wird Google diese Informationen benutzen, um Ihre Nutzung der Website auszuwerten, um Reports \u00fcber die Websiteaktivit\u00e4ten zusammenzustellen und um weitere mit Ihrer Websitenutzung und der Websitenutzung verbundene Dienstleistungen gegen\u00fcber dem Websitebetreiber zu erbringen Internet. Die im Rahmen von Google Analytics von Ihrem Browser \u00fcbermittelte IP-Adresse wird nicht mit anderen Daten von Google zusammengef\u00fchrt. Sie k\u00f6nnen die Speicherung der Cookies durch eine bestimmte Einstellung Ihrer Browser-Software verhindern. wir weisen Sie jedoch darauf hin, dass Sie in diesem Fall gegebenenfalls nicht s\u00e4mtliche Funktionen dieser Website vollumf\u00e4nglich werden nutzen k\u00f6nnen.<\/p>\n<p>Dar\u00fcber hinaus k\u00f6nnen Sie die \u00dcbertragung der durch den Cookie erzeugten und auf Ihre Nutzung der Website bezogenen Daten (einschlie\u00dflich Ihrer IP-Adresse) an Google sowie die Verarbeitung durch Google verhindern, indem Sie das Browser-Plug-In unter folgenden Link: Browser-Add-On zur Deaktivierung von Google Analytics. Weitere Informationen zu Nutzungsbedingungen und Datenschutz finden Sie unter http:\/\/www.google.com\/analytics\/terms\/gb.html bzw. unter https:\/\/policies. google.com\/?hl=de<\/p>\n<p>Google AdWords<br \/>Diese Website nutzt das Online-Werbeprogramm \u201eGoogle AdWords\u201c und damit Conversion-Tracking. Dabei wird von Google AdWords ein Cookie auf Ihrem Rechner gesetzt, wenn Sie nach einem Klick auf eine Google-Anzeige auf unsere Website gelangt sind. Diese Cookies verlieren nach 30 Tagen ihre G\u00fcltigkeit und dienen nicht der Identifizierung bestimmter Personen. Besucht der Nutzer bestimmte Seiten unserer Website und das Cookie ist noch nicht abgelaufen, k\u00f6nnen wir und Google erkennen, dass der Nutzer auf die Anzeige geklickt hat und zu dieser Seite weitergeleitet wurde. Jeder Google AdWords-Kunde erh\u00e4lt ein anderes Cookie. Cookies k\u00f6nnen daher nicht \u00fcber die Websites von AdWords-Kunden nachverfolgt werden.<\/p>\n<p>Die mithilfe des Conversion-Cookies eingeholten Informationen dienen dazu, Conversion-Statistiken f\u00fcr AdWords-Kunden zu erstellen, die sich f\u00fcr Conversion-Tracking entschieden haben. Die Kunden erfahren die Gesamtanzahl der Besucher, die auf ihre Anzeige geklickt haben und zu einer mit einem integrierten Conversion-Tracking-Tag versehenen Seite weitergeleitet wurden. Sie erhalten jedoch keine Informationen, mit denen sich Nutzer pers\u00f6nlich identifizieren lassen.<\/p>\n<p>Wenn Sie nicht an dem Tracking-Verfahren teilnehmen m\u00f6chten, k\u00f6nnen Sie das Cookie des Google Conversion-Trackings \u00fcber Ihren Webbrowser im Bereich Nutzereinstellungen leicht deaktivieren. Danach werden Sie nicht in die Conversion-Statistik aufgenommen. Weitere Informationen finden Sie in der Datenschutzerkl\u00e4rung von Google unter: https:\/\/policies.google.com\/privacy<\/p>\n<p>Datensparsamkeit<br \/>Nach den Grunds\u00e4tzen der Datenvermeidung und Datensparsamkeit speichern wir personenbezogene Daten nur so lange, wie es erforderlich ist oder wir gesetzlich dazu verpflichtet sind (gesetzliche Speicherfrist). Entf\u00e4llt der Zweck der Datenerhebung oder ist die Speicherfrist abgelaufen, sperren oder l\u00f6schen wir die Daten.<\/p>\n<p>Ihr Recht auf Auskunft, Berichtigung, Sperrung oder L\u00f6schung Ihrer Daten sowie auf Widerspruch<br \/>Sie haben das Recht, auf Antrag unentgeltlich Auskunft \u00fcber Ihre bei uns gespeicherten personenbezogenen Daten zu verlangen und \/oder Ihre Daten berichtigen, sperren oder l\u00f6schen zu lassen. Ausnahmen: Die gesetzliche Aufbewahrung von Daten f\u00fcr gesch\u00e4ftliche Zwecke oder wenn die Daten den gesetzlichen Aufbewahrungspflichten unterliegen.<\/p>\n<p>Bitte wenden Sie sich diesbez\u00fcglich an unseren Datenschutzbeauftragten (die Kontaktdaten finden Sie am Anfang der Datenschutzerkl\u00e4rung).<\/p>\n<p>Um eine Datensperrung jederzeit ber\u00fccksichtigen zu k\u00f6nnen, ist es erforderlich, die Daten zu Kontrollzwecken in einer Sperrdatei vorzuhalten. Sofern keine gesetzliche Aufbewahrungspflicht besteht, k\u00f6nnen Sie von uns auch die L\u00f6schung Ihrer Daten verlangen. Andernfalls sperren wir die Daten, wenn Sie dies w\u00fcnschen.<\/p>\n<p>\u00c4nderung unserer Datenschutzerkl\u00e4rung<br \/>Um sicherzustellen, dass unsere Datenschutzerkl\u00e4rung stets den aktuellen gesetzlichen Vorschriften entspricht, behalten wir uns jederzeit \u00c4nderungen vor. Dies gilt auch, wenn die Datenschutzerkl\u00e4rung aufgrund neuer oder \u00fcberarbeiteter Angebote, z.B. neue Dienste. Beim n\u00e4chsten Besuch unserer Website gilt die neue Datenschutzerkl\u00e4rung.<\/p>\n<p>Cookies<br \/>Diese Website verwendet sogenannte Cookies. Das sind Textdateien, die vom Server auf Ihrem Computer gespeichert werden. Sie enthalten Informationen \u00fcber Ihren Browser, Ihre IP-Adresse, Ihr Betriebssystem und Ihre Internetverbindung. Wir geben diese Daten nicht ohne Ihre Einwilligung an Dritte weiter oder verkn\u00fcpfen sie mit personenbezogenen Daten.<\/p>\n<p>Cookies haben zwei Hauptfunktionen. Sie helfen uns, Ihnen die Navigation durch unsere Website zu erleichtern und eine korrekte Darstellung unserer Website zu gew\u00e4hrleisten. Sie werden nicht verwendet, um Viren zu platzieren oder Programme zu starten.<\/p>\n<p>Sie k\u00f6nnen unsere Website auch ohne Cookies betrachten. Dazu m\u00fcssen Sie die entsprechenden Einstellungen im Browser \u00e4ndern. Bitte informieren Sie sich \u00fcber die Hilfefunktion Ihres Browsers, um zu erfahren, wie Sie Cookies deaktivieren k\u00f6nnen. Wir weisen jedoch darauf hin, dass dies einige Funktionalit\u00e4ten der Website beeintr\u00e4chtigen und die Benutzerfreundlichkeit einschr\u00e4nken kann. Die Websites http:\/\/www.aboutads.info\/choices\/ (USA) und http:\/\/www.youronlinechoices.com\/uk\/your-ad-choices\/ (Europa) helfen Ihnen bei der Verwaltung von Cookies f\u00fcr die Online-Anzeige.<\/p>\n<p>Diese Cookie-Richtlinie erkl\u00e4rt, was Cookies sind und wie wir sie verwenden. Sie sollten diese Richtlinie lesen, um zu verstehen, was Cookies sind, wie wir sie verwenden, die Arten von Cookies, die wir verwenden, d. h. die Informationen, die wir mithilfe von Cookies sammeln und wie diese Informationen verwendet werden und wie Sie die Cookie-Einstellungen steuern k\u00f6nnen. Weitere Informationen dar\u00fcber, wie wir Ihre personenbezogenen Daten verwenden, speichern und sicher aufbewahren, finden Sie in unserer Datenschutzerkl\u00e4rung. Sie k\u00f6nnen die Cookie-Erkl\u00e4rung jederzeit auf unserer Website \u00e4ndern oder Ihre Einwilligung widerrufen uns und wie wir personenbezogene Daten in unserer Datenschutzerkl\u00e4rung verarbeiten.Ihre Einwilligung gilt f\u00fcr die folgenden Domains: gr3solution.com<br \/>\n<div class=\"wt-cli-element cli_user_consent_state\"><\/div>\n<\/p>\n<p>Was sind Cookies?<br \/>Cookies sind kleine Textdateien, die dazu dienen, kleine Informationen zu speichern. Die Cookies werden auf Ihrem Ger\u00e4t gespeichert, wenn die Website in Ihrem Browser geladen wird. Diese Cookies helfen uns, die Website ordnungsgem\u00e4\u00df zu funktionieren, die Website sicherer zu machen, eine bessere Benutzererfahrung zu bieten und die Leistung der Website zu verstehen und zu analysieren, was funktioniert und wo Verbesserungsbedarf besteht.<\/p>\n<p>Wie verwenden wir Cookies?<\/p>\n<p>Wie die meisten Onlinedienste verwendet unsere Website Cookies von Erstanbietern und Drittanbietern f\u00fcr eine Reihe von Zwecken. Die First-Party-Cookies sind meistens notwendig, damit die Website richtig funktioniert, und sie sammeln keine Ihrer personenbezogenen Daten.<\/p>\n<p>Die auf unseren Websites verwendeten Cookies von Drittanbietern werden haupts\u00e4chlich verwendet, um zu verstehen, wie die Website funktioniert, wie Sie mit unserer Website interagieren, unsere Dienste sicher zu halten, f\u00fcr Sie relevante Werbung bereitzustellen und Ihnen insgesamt eine bessere und verbesserte Benutzererfahrung und helfen, Ihre zuk\u00fcnftigen Interaktionen mit unserer Website zu beschleunigen.<br \/>Welche Arten von Cookies verwenden wir?<br \/>Die auf unserer Website verwendeten Cookies sind in die folgenden Kategorien eingeteilt.<br \/>\n<div class=\"wt-cli-element cli_cookie_category_single\"><\/div><br \/>\n<br \/>\nIn der folgenden Liste sind die auf unserer Website verwendeten Cookies aufgef\u00fchrt.<\/p>\n<table class=\"wt-cli-element cookielawinfo-classic cookielawinfo-row-cat-table\"><thead><tr><\/thead><tbody><tr class=\"cookielawinfo-row\"><td colspan=\"2\" class=\"cookielawinfo-column-empty\"><\/td><\/tr><\/tbody><\/table>\n<p>Wie kann ich die Cookie-Einstellungen steuern?<\/p>\n<p>Sie k\u00f6nnen Ihre Cookie-Einstellungen verwalten, indem Sie auf die Schaltfl\u00e4che &#8222;Einstellungen&#8220; klicken und die Cookie-Kategorien im Popup nach Ihren W\u00fcnschen aktivieren oder deaktivieren.<\/p>\n<p>Sollten Sie Ihre Einstellungen sp\u00e4ter w\u00e4hrend Ihrer Browsersitzung \u00e4ndern, k\u00f6nnen Sie auf \u201eDatenschutz &amp; Cookie-Richtlinie\u201c auf Ihrem Bildschirm. Dadurch wird der Zustimmungshinweis erneut angezeigt, sodass Sie Ihre Einstellungen \u00e4ndern oder Ihre Zustimmung vollst\u00e4ndig widerrufen k\u00f6nnen.<\/p>\n<p>Dar\u00fcber hinaus bieten verschiedene Browser unterschiedliche Methoden zum Blockieren und L\u00f6schen von Cookies, die von Websites verwendet werden. Sie k\u00f6nnen die Einstellungen Ihres Browsers \u00e4ndern, um die Cookies zu blockieren\/zu l\u00f6schen. Um mehr dar\u00fcber zu erfahren, wie Sie Cookies verwalten und l\u00f6schen, besuchen Sie wikipedia.org, www.allaboutcookies.org.<\/p>\n<p>[\/et_pb_text][\/et_pb_column][\/et_pb_row][\/et_pb_section]<\/p>\n","protected":false},"excerpt":{"rendered":"<p>DatenschutzrichtlinieWir bei GR3 Solution sind stolz darauf, qualitativ hochwertige Produkte und exzellenten Kundenservice anzubieten. Dies m\u00f6chten wir auch online sicherstellen und sind selbstverst\u00e4ndlich bem\u00fcht, Ihre Privatsph\u00e4re zu sch\u00fctzen. Grunds\u00e4tzlich k\u00f6nnen Sie unsere Website nutzen, ohne sich registrieren zu m\u00fcssen. GeltungsbereichIn dieser Datenschutzerkl\u00e4rung finden Nutzer Informationen \u00fcber die Art, den Umfang und den Zweck der Erhebung [&hellip;]<\/p>\n","protected":false},"author":1,"featured_media":0,"parent":0,"menu_order":0,"comment_status":"closed","ping_status":"closed","template":"","meta":{"_et_pb_use_builder":"on","_et_pb_old_content":"","_et_gb_content_width":"","footnotes":""},"class_list":["post-247","page","type-page","status-publish","hentry"],"_links":{"self":[{"href":"https:\/\/gr3solution.com\/de\/wp-json\/wp\/v2\/pages\/247","targetHints":{"allow":["GET"]}}],"collection":[{"href":"https:\/\/gr3solution.com\/de\/wp-json\/wp\/v2\/pages"}],"about":[{"href":"https:\/\/gr3solution.com\/de\/wp-json\/wp\/v2\/types\/page"}],"author":[{"embeddable":true,"href":"https:\/\/gr3solution.com\/de\/wp-json\/wp\/v2\/users\/1"}],"replies":[{"embeddable":true,"href":"https:\/\/gr3solution.com\/de\/wp-json\/wp\/v2\/comments?post=247"}],"version-history":[{"count":0,"href":"https:\/\/gr3solution.com\/de\/wp-json\/wp\/v2\/pages\/247\/revisions"}],"wp:attachment":[{"href":"https:\/\/gr3solution.com\/de\/wp-json\/wp\/v2\/media?parent=247"}],"curies":[{"name":"wp","href":"https:\/\/api.w.org\/{rel}","templated":true}]}}